{"id":183,"date":"2025-09-11T23:17:09","date_gmt":"2025-09-11T23:17:09","guid":{"rendered":"https:\/\/mariagrajales.com\/?page_id=183"},"modified":"2025-11-11T00:21:08","modified_gmt":"2025-11-11T00:21:08","slug":"terminos-y-condiciones","status":"publish","type":"page","link":"https:\/\/mariagrajales.com\/?page_id=183","title":{"rendered":"T\u00e9rminos y Condiciones"},"content":{"rendered":"\n<h3 class=\"wp-block-heading\"><\/h3>\n\n\n\n<h2 class=\"wp-block-heading\">T\u00e9rminos y Condiciones<\/h2>\n\n\n\n<h3 class=\"wp-block-heading\">1. Aceptaci\u00f3n del servicio<\/h3>\n\n\n\n<p>La prestaci\u00f3n de los servicios psicol\u00f3gicos y de acompa\u00f1amiento est\u00e1 sujeta a una consulta o evaluaci\u00f3n inicial. Con base en los principios \u00e9ticos de la profesi\u00f3n, la terapeuta se reserva el derecho de aceptar o declinar la prestaci\u00f3n del servicio.<\/p>\n\n\n\n<h3 class=\"wp-block-heading\">2. Descuentos<\/h3>\n\n\n\n<p>Se ofrece un <strong>10% de descuento a adultos mayores<\/strong>. Para hacer v\u00e1lido este beneficio, el cliente deber\u00e1 acreditarlo al momento de contratar el servicio.<\/p>\n\n\n\n<h3 class=\"wp-block-heading\">3. Servicios de acompa\u00f1amiento<\/h3>\n\n\n\n<p>En el caso del <strong>relacionamiento de acompa\u00f1amiento<\/strong>, el costo ser\u00e1 determinado de acuerdo con:<\/p>\n\n\n\n<ul class=\"wp-block-list\">\n<li>El tipo de servicio solicitado.<\/li>\n\n\n\n<li>La duraci\u00f3n y frecuencia.<\/li>\n<\/ul>\n\n\n\n<p>Los gastos derivados durante el acompa\u00f1amiento (transporte, alimentaci\u00f3n, entradas a eventos, entre otros) deber\u00e1n ser cubiertos en su totalidad por el cliente\/paciente. Este servicio se ofrece \u00fanicamente a discreci\u00f3n de la terapeuta.<\/p>\n\n\n\n<h3 class=\"wp-block-heading\">4. Modalidad a domicilio<\/h3>\n\n\n\n<p>La opci\u00f3n de sesiones a domicilio est\u00e1 disponible \u00fanicamente dentro de la <strong>ciudad de Puebla<\/strong> y est\u00e1 sujeta a la valoraci\u00f3n y discreci\u00f3n de la terapeuta.<\/p>\n\n\n\n<h3 class=\"wp-block-heading\">5. Modificaciones<\/h3>\n\n\n\n<p>La terapeuta se reserva el derecho de realizar modificaciones a los presentes T\u00e9rminos y Condiciones en cualquier momento. Cualquier cambio ser\u00e1 comunicado previamente a los clientes\/pacientes activos.<\/p>\n\n\n\n<h3 class=\"wp-block-heading\">6. Confidencialidad<\/h3>\n\n\n\n<p>Toda la informaci\u00f3n compartida durante el proceso terap\u00e9utico o de acompa\u00f1amiento ser\u00e1 tratada con estricta <strong>confidencialidad<\/strong>, de acuerdo con los lineamientos \u00e9ticos y profesionales aplicables.<\/p>\n\n\n\n<p>La informaci\u00f3n compartida durante las sesiones es estrictamente confidencial y apegado al as pautas \u00e9ticas y profesionales.<\/p>\n\n\n\n<p>S\u00f3lo se compartir\u00e1 informaci\u00f3n con terceros con su consentimiento escrito, excpeto en caso donde la ley obligue a intervernir (por riesgo de da\u00f1o a usted o a terceros, abuso infantil o mandato judicial)<\/p>\n\n\n\n<p><br><strong>7. Condiciones de Pago y Cancelaci\u00f3n<\/strong><\/p>\n\n\n\n<p>El pago debe realizarse <strong>antes o al momento de la sesi\u00f3n<\/strong>, seg\u00fan el m\u00e9todo acordado. (Efectivo, transferencia electr\u00f3nica, pago a cuenta de banco.<\/p>\n\n\n\n<ul class=\"wp-block-list\">\n<li>Las citas pueden cancelarse o reagendares <strong>con al menos 24 horas de anticipaci\u00f3n<\/strong> sin penalizaci\u00f3n o para recibir el rembolso al 100%.<\/li>\n\n\n\n<li>Cancelaciones con menos de 24 horas de aviso se cobrar\u00e1 el 50% del costo de la sesi\u00f3n.<\/li>\n\n\n\n<li>En caso de que las cancelaciones o las inasistencias sean recurrentes y peri\u00f3dicas se cobrar\u00e1 la sesi\u00f3n por adelantado y no habr\u00e1 rembolso o s\u00f3lo rembolso parcial si no se cumple la condici\u00f3n estipulada anteriormente.<\/li>\n\n\n\n<li>Las inasistencias se considerar\u00e1n <strong>como sesi\u00f3n realizada<\/strong>, sin derecho a reembolso.<\/li>\n\n\n\n<li>En caso de llegar tarde a la sesi\u00f3n el tiempo no ser\u00e1 repuesto y se ajustar\u00e1 al tiempo restante.<\/li>\n\n\n\n<li>En caso de que la profesional cancelara la sesi\u00f3n se reagendar\u00e1 la cita o se otorgar\u00e1 el reembolso total.<\/li>\n\n\n\n<li>Si se requiere factura, deber\u00e1 solicitarse en el momento del pago y proporcionar los datos fiscales correspondientes.<\/li>\n<\/ul>\n\n\n\n<p><\/p>\n","protected":false},"excerpt":{"rendered":"<p>T\u00e9rminos y Condiciones 1. Aceptaci\u00f3n del servicio La prestaci\u00f3n de los servicios psicol\u00f3gicos y de acompa\u00f1amiento est\u00e1 sujeta a una consulta o evaluaci\u00f3n inicial. Con base en los principios \u00e9ticos de la profesi\u00f3n, la terapeuta se reserva el derecho de aceptar o declinar la prestaci\u00f3n del servicio. 2. Descuentos Se ofrece un 10% de descuento [&hellip;]<\/p>\n","protected":false},"author":1,"featured_media":0,"parent":0,"menu_order":0,"comment_status":"closed","ping_status":"closed","template":"","meta":{"_joinchat":[],"footnotes":""},"class_list":["post-183","page","type-page","status-publish","hentry"],"_links":{"self":[{"href":"https:\/\/mariagrajales.com\/index.php?rest_route=\/wp\/v2\/pages\/183","targetHints":{"allow":["GET"]}}],"collection":[{"href":"https:\/\/mariagrajales.com\/index.php?rest_route=\/wp\/v2\/pages"}],"about":[{"href":"https:\/\/mariagrajales.com\/index.php?rest_route=\/wp\/v2\/types\/page"}],"author":[{"embeddable":true,"href":"https:\/\/mariagrajales.com\/index.php?rest_route=\/wp\/v2\/users\/1"}],"replies":[{"embeddable":true,"href":"https:\/\/mariagrajales.com\/index.php?rest_route=%2Fwp%2Fv2%2Fcomments&post=183"}],"version-history":[{"count":4,"href":"https:\/\/mariagrajales.com\/index.php?rest_route=\/wp\/v2\/pages\/183\/revisions"}],"predecessor-version":[{"id":545,"href":"https:\/\/mariagrajales.com\/index.php?rest_route=\/wp\/v2\/pages\/183\/revisions\/545"}],"wp:attachment":[{"href":"https:\/\/mariagrajales.com\/index.php?rest_route=%2Fwp%2Fv2%2Fmedia&parent=183"}],"curies":[{"name":"wp","href":"https:\/\/api.w.org\/{rel}","templated":true}]}}