{"id":331,"date":"2025-09-23T23:17:06","date_gmt":"2025-09-23T23:17:06","guid":{"rendered":"https:\/\/mariagrajales.com\/?page_id=331"},"modified":"2025-09-23T23:20:56","modified_gmt":"2025-09-23T23:20:56","slug":"maria-grajales","status":"publish","type":"page","link":"https:\/\/mariagrajales.com\/?page_id=331","title":{"rendered":"Mar\u00eda Grajales"},"content":{"rendered":"\t\t<div data-elementor-type=\"wp-page\" data-elementor-id=\"331\" class=\"elementor elementor-331\" data-elementor-post-type=\"page\">\n\t\t\t\t<div class=\"elementor-element elementor-element-936a424 e-flex e-con-boxed e-con e-parent\" data-id=\"936a424\" data-element_type=\"container\">\n\t\t\t\t\t<div class=\"e-con-inner\">\n\t\t<div class=\"elementor-element elementor-element-bb2f21e e-con-full e-flex e-con e-child\" data-id=\"bb2f21e\" data-element_type=\"container\">\n\t\t\t\t<div class=\"elementor-element elementor-element-00a705f elementor-widget elementor-widget-heading\" data-id=\"00a705f\" data-element_type=\"widget\" data-widget_type=\"heading.default\">\n\t\t\t\t\t<h2 class=\"elementor-heading-title elementor-size-default\">Mar\u00eda Grajales Cravioto<\/h2>\t\t\t\t<\/div>\n\t\t\t\t<div class=\"elementor-element elementor-element-d9c8f8d elementor-widget elementor-widget-text-editor\" data-id=\"d9c8f8d\" data-element_type=\"widget\" data-widget_type=\"text-editor.default\">\n\t\t\t\t\t\t\t\t\t<p>Decid\u00ed estudiar Psicolog\u00eda porque el ayudar a los dem\u00e1s en momentos de necesidad emocional es gratificante y satisfactorio, as\u00ed como creo que el ser escuchado y hablar es muy regenerador. Si bien mi inter\u00e9s es genuino por las personas y sus sentimientos, es importante contar con una base cient\u00edfica, te\u00f3rica y metodol\u00f3gica para apoyar a los dem\u00e1s.<\/p><p>Brindo terapia y orientaci\u00f3n psicol\u00f3gica (<em>Counselling<\/em>), apoyo emocional, salud mental y crecimiento personal\/profesional. El enfoque psicol\u00f3gico por el que me gu\u00edo principalmente es el Cognitivo-Conductual, es un enfoque de la psicolog\u00eda cl\u00ednica, el cual se centra en la relaci\u00f3n de los pensamientos, sentimientos y comportamientos; y c\u00f3mo \u00e9stos pueden ser modificados para mejorar el bienestar mental y emocional de la persona.<\/p><p>Creo en las relaciones colaborativas y genuinas entre el consultante y el terapeuta que promueven la confianza, un ambiente relajado, el sentirse comprendido, escuchado y acompa\u00f1ado, que conducen a un cambio beneficioso. Me gusta contribuir positivamente en la vida de los dem\u00e1s, lo que me ha motivado a seguir profesionalmente en la Psicolog\u00eda y que brinde a ambas partes una satisfacci\u00f3n tanto personal como profesional.<\/p>\t\t\t\t\t\t\t\t<\/div>\n\t\t\t\t<\/div>\n\t\t<div class=\"elementor-element elementor-element-4d0026c e-con-full e-flex e-con e-child\" data-id=\"4d0026c\" data-element_type=\"container\">\n\t\t\t\t<div class=\"elementor-element elementor-element-5f341d5 elementor-widget elementor-widget-image\" data-id=\"5f341d5\" data-element_type=\"widget\" data-widget_type=\"image.default\">\n\t\t\t\t\t\t\t\t\t\t\t\t\t\t\t<img fetchpriority=\"high\" decoding=\"async\" width=\"754\" height=\"1024\" src=\"https:\/\/mariagrajales.com\/wp-content\/uploads\/2025\/09\/WhatsApp-Image-2025-09-10-at-5.10.20-PM-754x1024.jpeg\" class=\"attachment-large size-large wp-image-333\" alt=\"\" srcset=\"https:\/\/mariagrajales.com\/wp-content\/uploads\/2025\/09\/WhatsApp-Image-2025-09-10-at-5.10.20-PM-754x1024.jpeg 754w, https:\/\/mariagrajales.com\/wp-content\/uploads\/2025\/09\/WhatsApp-Image-2025-09-10-at-5.10.20-PM-221x300.jpeg 221w, https:\/\/mariagrajales.com\/wp-content\/uploads\/2025\/09\/WhatsApp-Image-2025-09-10-at-5.10.20-PM-768x1043.jpeg 768w, https:\/\/mariagrajales.com\/wp-content\/uploads\/2025\/09\/WhatsApp-Image-2025-09-10-at-5.10.20-PM-1131x1536.jpeg 1131w, https:\/\/mariagrajales.com\/wp-content\/uploads\/2025\/09\/WhatsApp-Image-2025-09-10-at-5.10.20-PM.jpeg 1178w\" sizes=\"(max-width: 754px) 100vw, 754px\" \/>\t\t\t\t\t\t\t\t\t\t\t\t\t\t\t<\/div>\n\t\t\t\t<\/div>\n\t\t\t\t\t<\/div>\n\t\t\t\t<\/div>\n\t\t\t\t<\/div>\n\t\t","protected":false},"excerpt":{"rendered":"<p>Mar\u00eda Grajales Cravioto Decid\u00ed estudiar Psicolog\u00eda porque el ayudar a los dem\u00e1s en momentos de necesidad emocional es gratificante y satisfactorio, as\u00ed como creo que el ser escuchado y hablar es muy regenerador. Si bien mi inter\u00e9s es genuino por las personas y sus sentimientos, es importante contar con una base cient\u00edfica, te\u00f3rica y metodol\u00f3gica [&hellip;]<\/p>\n","protected":false},"author":1,"featured_media":0,"parent":0,"menu_order":0,"comment_status":"closed","ping_status":"closed","template":"","meta":{"_joinchat":[],"footnotes":""},"class_list":["post-331","page","type-page","status-publish","hentry"],"_links":{"self":[{"href":"https:\/\/mariagrajales.com\/index.php?rest_route=\/wp\/v2\/pages\/331","targetHints":{"allow":["GET"]}}],"collection":[{"href":"https:\/\/mariagrajales.com\/index.php?rest_route=\/wp\/v2\/pages"}],"about":[{"href":"https:\/\/mariagrajales.com\/index.php?rest_route=\/wp\/v2\/types\/page"}],"author":[{"embeddable":true,"href":"https:\/\/mariagrajales.com\/index.php?rest_route=\/wp\/v2\/users\/1"}],"replies":[{"embeddable":true,"href":"https:\/\/mariagrajales.com\/index.php?rest_route=%2Fwp%2Fv2%2Fcomments&post=331"}],"version-history":[{"count":4,"href":"https:\/\/mariagrajales.com\/index.php?rest_route=\/wp\/v2\/pages\/331\/revisions"}],"predecessor-version":[{"id":336,"href":"https:\/\/mariagrajales.com\/index.php?rest_route=\/wp\/v2\/pages\/331\/revisions\/336"}],"wp:attachment":[{"href":"https:\/\/mariagrajales.com\/index.php?rest_route=%2Fwp%2Fv2%2Fmedia&parent=331"}],"curies":[{"name":"wp","href":"https:\/\/api.w.org\/{rel}","templated":true}]}}